{"id":8,"date":"2023-11-18T22:30:14","date_gmt":"2023-11-18T22:30:14","guid":{"rendered":"https:\/\/mysticdancers.de\/?page_id=8"},"modified":"2023-11-18T23:02:23","modified_gmt":"2023-11-18T23:02:23","slug":"index","status":"publish","type":"page","link":"https:\/\/mysticdancers.de\/","title":{"rendered":"Mystic Dancers"},"content":{"rendered":"\n<div class=\"wp-block-group alignfull is-layout-constrained wp-block-group-is-layout-constrained\" style=\"padding-top:var(--wp--preset--spacing--50);padding-right:var(--wp--preset--spacing--50);padding-bottom:var(--wp--preset--spacing--50);padding-left:var(--wp--preset--spacing--50)\"><div class=\"wp-block-group__inner-container\">\n<p class=\"has-text-align-left\"><strong>C\u00e9ad m\u00edle f\u00e1ilte!<\/strong><br>Herzlich Willkommen,<br><br>wir freuen uns \u00fcber Ihren Besuch auf unserer Seite und<br>w\u00fcnschen Ihnen einen sch\u00f6nen Aufenthalt.<br><br>Die Mystic Dancers haben die Philosophie:<br><br>Irish Dance ist mehr als nur eine Tanzart, sie wird von vielen verkannt.<br>Irish Dance hei\u00dft Leben,<br>Irish Dance ist Lieben,<br>Irish Dance ist Verstehen und verstanden werden.<br>Irish Dance ist pure Lebensenergie, Magie,<br>bedeutet Kraft, Anmut, Eleganz, Diziplin, Tr\u00e4nen, Freude, Spa\u00df Freundschaft u.v.m..<br>Irish Dance ist Leidenschaft.<br>Wer es lebt, wird es lieben.<br>Wer es liebt, wird es leben.<\/p>\n<\/div><\/div>\n\n\n\n<p>Unser Zubeh\u00f6r und Schuhe bekommen wir zu fairen Preisen und TOP-Beratung, hier:<\/p>\n\n\n\n<figure class=\"wp-block-image\"><a href=\"https:\/\/www.irishdanceshop.de\/de\/\" target=\"_blank\" rel=\"noreferrer noopener\"><img loading=\"lazy\" decoding=\"async\" width=\"980\" height=\"279\" src=\"https:\/\/mysticdancers.de\/wp-content\/uploads\/2023\/11\/logo_dance_shop.jpg\" alt=\"\" class=\"wp-image-10\" srcset=\"https:\/\/mysticdancers.de\/wp-content\/uploads\/2023\/11\/logo_dance_shop.jpg 980w, https:\/\/mysticdancers.de\/wp-content\/uploads\/2023\/11\/logo_dance_shop-300x85.jpg 300w, https:\/\/mysticdancers.de\/wp-content\/uploads\/2023\/11\/logo_dance_shop-768x219.jpg 768w\" sizes=\"(max-width: 980px) 100vw, 980px\" \/><\/a><\/figure>\n","protected":false},"excerpt":{"rendered":"<p>C\u00e9ad m\u00edle f\u00e1ilte!Herzlich Willkommen, wir freuen uns \u00fcber Ihren Besuch auf unserer Seite undw\u00fcnschen Ihnen einen sch\u00f6nen Aufenthalt. Die Mystic Dancers haben die Philosophie: Irish Dance ist mehr als nur eine Tanzart, sie wird von vielen verkannt.Irish Dance hei\u00dft Leben,Irish Dance ist Lieben,Irish Dance ist Verstehen und verstanden werden.Irish Dance ist pure Lebensenergie, Magie,bedeutet Kraft, [&hellip;]<\/p>\n","protected":false},"author":1,"featured_media":0,"parent":0,"menu_order":0,"comment_status":"closed","ping_status":"closed","template":"","meta":{"footnotes":""},"_links":{"self":[{"href":"https:\/\/mysticdancers.de\/index.php?rest_route=\/wp\/v2\/pages\/8"}],"collection":[{"href":"https:\/\/mysticdancers.de\/index.php?rest_route=\/wp\/v2\/pages"}],"about":[{"href":"https:\/\/mysticdancers.de\/index.php?rest_route=\/wp\/v2\/types\/page"}],"author":[{"embeddable":true,"href":"https:\/\/mysticdancers.de\/index.php?rest_route=\/wp\/v2\/users\/1"}],"replies":[{"embeddable":true,"href":"https:\/\/mysticdancers.de\/index.php?rest_route=%2Fwp%2Fv2%2Fcomments&post=8"}],"version-history":[{"count":10,"href":"https:\/\/mysticdancers.de\/index.php?rest_route=\/wp\/v2\/pages\/8\/revisions"}],"predecessor-version":[{"id":73,"href":"https:\/\/mysticdancers.de\/index.php?rest_route=\/wp\/v2\/pages\/8\/revisions\/73"}],"wp:attachment":[{"href":"https:\/\/mysticdancers.de\/index.php?rest_route=%2Fwp%2Fv2%2Fmedia&parent=8"}],"curies":[{"name":"wp","href":"https:\/\/api.w.org\/{rel}","templated":true}]}}