{"id":38,"date":"2023-11-18T22:40:32","date_gmt":"2023-11-18T22:40:32","guid":{"rendered":"https:\/\/mysticdancers.de\/?page_id=38"},"modified":"2023-11-18T22:57:46","modified_gmt":"2023-11-18T22:57:46","slug":"kontakt","status":"publish","type":"page","link":"https:\/\/mysticdancers.de\/?page_id=38","title":{"rendered":"Kontakt"},"content":{"rendered":"\n<p>Inka Gerdesmeier<br>Westernstra\u00dfe 13<br>33154 Salzkotten<br>Germany<br><br>Telefon: 0179-7650641<\/p>\n\n\n\n<p>eMail an: inka (at) mysticdancers (punkt) de<br><\/p>\n\n\n\n<p>Sind noch Fragen offen?<\/p>\n\n\n\n<p>Dann sprechen Sie uns bitte pers\u00f6nlich darauf an!<\/p>\n\n\n\n<p>Wir stehen Ihnen mit Antworten und Ausk\u00fcnften gerne zur Verf\u00fcgung.<br>Auch sonst haben wir stets Interesse an direktem Kontakt zu Ihnen.<br>Wir sind offen gegen\u00fcber Anregungen, W\u00fcnschen und Feedback.<\/p>\n\n\n\n<p>So k\u00f6nnen wir flexibel und schnell auf Anfragen und Anmerkungen eingehen und reagieren.<\/p>\n\n\n\n<p>Sie erreichen uns &#8230;<\/p>\n\n\n\n<p>&#8211; telefonisch: 0179-7650641 (sehr gerne auch \u00fcber What\u00b4s App)&nbsp;<\/p>\n\n\n\n<p>&#8211; per Internet: webmaster (at) mysticdancers (punkt) de<\/p>\n","protected":false},"excerpt":{"rendered":"<p>Inka GerdesmeierWesternstra\u00dfe 1333154 SalzkottenGermany Telefon: 0179-7650641 eMail an: inka (at) mysticdancers (punkt) de Sind noch Fragen offen? Dann sprechen Sie uns bitte pers\u00f6nlich darauf an! Wir stehen Ihnen mit Antworten und Ausk\u00fcnften gerne zur Verf\u00fcgung.Auch sonst haben wir stets Interesse an direktem Kontakt zu Ihnen.Wir sind offen gegen\u00fcber Anregungen, W\u00fcnschen und Feedback. So k\u00f6nnen wir [&hellip;]<\/p>\n","protected":false},"author":1,"featured_media":0,"parent":0,"menu_order":0,"comment_status":"closed","ping_status":"closed","template":"","meta":{"footnotes":""},"_links":{"self":[{"href":"https:\/\/mysticdancers.de\/index.php?rest_route=\/wp\/v2\/pages\/38"}],"collection":[{"href":"https:\/\/mysticdancers.de\/index.php?rest_route=\/wp\/v2\/pages"}],"about":[{"href":"https:\/\/mysticdancers.de\/index.php?rest_route=\/wp\/v2\/types\/page"}],"author":[{"embeddable":true,"href":"https:\/\/mysticdancers.de\/index.php?rest_route=\/wp\/v2\/users\/1"}],"replies":[{"embeddable":true,"href":"https:\/\/mysticdancers.de\/index.php?rest_route=%2Fwp%2Fv2%2Fcomments&post=38"}],"version-history":[{"count":2,"href":"https:\/\/mysticdancers.de\/index.php?rest_route=\/wp\/v2\/pages\/38\/revisions"}],"predecessor-version":[{"id":67,"href":"https:\/\/mysticdancers.de\/index.php?rest_route=\/wp\/v2\/pages\/38\/revisions\/67"}],"wp:attachment":[{"href":"https:\/\/mysticdancers.de\/index.php?rest_route=%2Fwp%2Fv2%2Fmedia&parent=38"}],"curies":[{"name":"wp","href":"https:\/\/api.w.org\/{rel}","templated":true}]}}