{"id":37,"date":"2023-11-18T22:40:32","date_gmt":"2023-11-18T22:40:32","guid":{"rendered":"https:\/\/mysticdancers.de\/?page_id=37"},"modified":"2023-11-18T22:57:04","modified_gmt":"2023-11-18T22:57:04","slug":"irish-dance-dress","status":"publish","type":"page","link":"https:\/\/mysticdancers.de\/?page_id=37","title":{"rendered":"Irish Dance Dress"},"content":{"rendered":"\n<p>Was hat es mit diesen tradionellen Kleidern auf sich?<br>Man sieht auf jeder Feis viele verschiedene Kost\u00fcme, in verschiedenen bunten Farben und mit verschiedenen Symbolen. Was hat das auf sich mit den Farben und den Symbolen?<br><br>Ganz einfach, jede Irish Dancing Schule hat sein eigenes Symbol sowie Farben. Das ist dann ein School Dress (auch Schulkleid genannt), wird meist von Beginners getragen und oft in Ceilis verwendet (da diese Einheitlich aussehen). Am wichtigsten jedoch sind die Symbole, keine andere Schule darf das gleiche Symbol haben. Wobei die meisten Symbole durch die Natur entstanden sind, die kann man am besten im ber\u00fchmtesten Buch das Evangeliar von Kells (Book of Kells) nachlesen.<br>\u00a0<br>Dann gibt es Unterschiede zwischen den Open Dancer Kost\u00fcm und dem Klassen Kost\u00fcm. Jeder T\u00e4nzer der den Open Standart erreicht hat, darf sich ein Kleid aussuchen, mit den eigenen Symbolen oder Farben, sowie man es gerne hat. Der Fantasie sind dort keine Grenzen gesetzt, aber der Lehrer muss damit einverstanden sein. Das hei\u00dft, bevor ihr den Kontakt zum Dressmaker herstellt, bitte mit eurem Lehrer alles abkl\u00e4ren;<br>&#8211; Was f\u00fcr ein Kleid, modern oder eher traditionell?<br>&#8211; Welches Material w\u00fcrde der Lehrer f\u00fcr euch empfehlen?<br>&#8211; Welche Design\u00b4s, ob modern oder traditionell?<br>&#8211; Wie soll das Kleid aussehen, mit T\u00fct\u00fc oder Panel\u00b4s (wieviele Panel\u00b4s)?<br>&#8211; Welche Farben sollen verwendet werden?<br>&#8211; u.s.w.<br>Fragt und redet mit euren Lehrern, das ist ganz wichtig!<br><br>Beim Klassen Kost\u00fcm tr\u00e4gt jeder Sch\u00fcler das gleiche Kleid. Man sieht diese vor allem auch beim Ceil\u00ed oder Set Dance, denn dort muss die ganze Truppe ob Open Dancer oder nicht die Klassen Kost\u00fcme tragen.<br><br>Jungs dagegen haben es mittlerweile echt einfach, am Anfang gab es Kilts, nun sind leider lange schwarze Hosen, (besticktes Cumberband, leider auch nicht mehr so modern), bestickte Westen und Krawatten pflicht.<br>Leider geht das urspr\u00fcngliche dadurch vollends verloren.<br>Aber auch die m\u00e4nnliche Fraktion hat auf seinen Lehrer zu h\u00f6ren ;).<\/p>\n","protected":false},"excerpt":{"rendered":"<p>Was hat es mit diesen tradionellen Kleidern auf sich?Man sieht auf jeder Feis viele verschiedene Kost\u00fcme, in verschiedenen bunten Farben und mit verschiedenen Symbolen. Was hat das auf sich mit den Farben und den Symbolen? Ganz einfach, jede Irish Dancing Schule hat sein eigenes Symbol sowie Farben. Das ist dann ein School Dress (auch Schulkleid [&hellip;]<\/p>\n","protected":false},"author":1,"featured_media":0,"parent":0,"menu_order":0,"comment_status":"closed","ping_status":"closed","template":"","meta":{"footnotes":""},"_links":{"self":[{"href":"https:\/\/mysticdancers.de\/index.php?rest_route=\/wp\/v2\/pages\/37"}],"collection":[{"href":"https:\/\/mysticdancers.de\/index.php?rest_route=\/wp\/v2\/pages"}],"about":[{"href":"https:\/\/mysticdancers.de\/index.php?rest_route=\/wp\/v2\/types\/page"}],"author":[{"embeddable":true,"href":"https:\/\/mysticdancers.de\/index.php?rest_route=\/wp\/v2\/users\/1"}],"replies":[{"embeddable":true,"href":"https:\/\/mysticdancers.de\/index.php?rest_route=%2Fwp%2Fv2%2Fcomments&post=37"}],"version-history":[{"count":2,"href":"https:\/\/mysticdancers.de\/index.php?rest_route=\/wp\/v2\/pages\/37\/revisions"}],"predecessor-version":[{"id":66,"href":"https:\/\/mysticdancers.de\/index.php?rest_route=\/wp\/v2\/pages\/37\/revisions\/66"}],"wp:attachment":[{"href":"https:\/\/mysticdancers.de\/index.php?rest_route=%2Fwp%2Fv2%2Fmedia&parent=37"}],"curies":[{"name":"wp","href":"https:\/\/api.w.org\/{rel}","templated":true}]}}