{"id":36,"date":"2023-11-18T22:40:32","date_gmt":"2023-11-18T22:40:32","guid":{"rendered":"https:\/\/mysticdancers.de\/?page_id=36"},"modified":"2023-11-18T22:55:28","modified_gmt":"2023-11-18T22:55:28","slug":"irish-dance-music","status":"publish","type":"page","link":"https:\/\/mysticdancers.de\/?page_id=36","title":{"rendered":"Irish Dance Music"},"content":{"rendered":"\n<p>Was hat es mit der Musik auf sich?<br><\/p>\n\n\n\n<p>Komischerweise gibt es keine hieb- und stichfeste Definition f\u00fcr irische Musik, der Begriff Volksmusik wird in diesem Zusammenhang in Irland nicht gebraucht. Irische Musik beinhaltet verschiedene Stile, angefangen von Gesang, Tanz und Instrumentale Musik, den verschiedene irische K\u00fcnstler \u00fcber Jahrhunderte entwickelten.<br>Die Musik wurde von Generation an Generation weiter gegeben, es existierten keine Noten. Mittlerweile sind einige Kompositionen auf Papier gelangt, trotzdem k\u00f6nnen erfahrene irische Musiker bis zu 500 St\u00fccke im Kopf behalten. Obwohl es einige Komponisten gibt, werden Ihre Werke nicht unbedingt in die lebendige Tradition aufgenommen. Im Falle das dies doch mal passiert werden oft die urspr\u00fcnglichen Komponisten vergessen, denn die Melodie wird durch verschiedene Instrumente und Stilrichtungen verwandelt. So passiert es, das unz\u00e4hlige St\u00fccke in verschiedenen Versionen existieren.<br><br>Die g\u00e4ngigsten Tanzst\u00fccke der irischen Tradition sind: Reel, Jig, Polka, Slide, Mazurka und Highlands.<br>Die bekannteste und \u00e4lteste Tanzart in Irland ist der Jig.<br><br>Bekannt sind auch die langsameren Melodien die vom <em>SEAN N\u00d3S<\/em> (alter Stil) hergeleitet werden, traditionell werden diese Melodien mit folgenden Instrumenten gespielt: Geige, Uilleann Pipes, Fl\u00f6te, Blechpfeife, Bodhr\u00e1n, Konzertina, Akkordeon. Zur heutigen Zeit kommen folgende Instrumente noch dazu: Klavier (Keyboards), Banjo, Mundharmonika, Pianoakkordeon und das Renaissanceinstrument Harfe. Die meisten Tanzmelodien der irischen Tradition stammen aus dem 18. und 19. Jahrhundert.<br><br>Die Lieder wurden durch die zwei Sprachen &#8211; Kultur bestimmt, die archaische Form des Liedes ist <em>sean n\u00f3s <\/em>(ein Gesang in irischer Sprache [irisch g\u00e4lisch]). Man sollte ber\u00fccksichtigen das jede Grafschaft in Irland seinen eigenen Dialekt hat und somit hat auch jede Grafschaft\u00a0 einen eigenen unverwechselbaren <em>sean n\u00f3s <\/em>Stil.\u00a0<em><br>Sean N\u00f3s <\/em>ist eine unbegleitete Gesangsform (dadurch eine schwierige Kunst), die viel K\u00f6nnen und k\u00fcnstlerisches Verst\u00e4ndnis verlangt.<br><strong><br>Rhythmen<\/strong>:<\/p>\n\n\n\n<figure class=\"wp-block-table\"><table><tbody><tr><td><strong>Tanz<\/strong><\/td><td><strong>Takt<\/strong><\/td><\/tr><tr><td>Reel&nbsp;<\/td><td>4\/4<\/td><\/tr><tr><td>Light Jig&nbsp;<\/td><td>6\/8&nbsp;<\/td><\/tr><tr><td>Slip Jig&nbsp;<\/td><td>9\/8&nbsp;<\/td><\/tr><tr><td>Single Jig&nbsp;<\/td><td>6\/8&nbsp;<\/td><\/tr><tr><td>Hornpipe&nbsp;<\/td><td>4\/4 or 2\/4&nbsp;<\/td><\/tr><tr><td>Treble Jig&nbsp;<\/td><td>6\/8&nbsp;<\/td><\/tr><\/tbody><\/table><\/figure>\n","protected":false},"excerpt":{"rendered":"<p>Was hat es mit der Musik auf sich? Komischerweise gibt es keine hieb- und stichfeste Definition f\u00fcr irische Musik, der Begriff Volksmusik wird in diesem Zusammenhang in Irland nicht gebraucht. Irische Musik beinhaltet verschiedene Stile, angefangen von Gesang, Tanz und Instrumentale Musik, den verschiedene irische K\u00fcnstler \u00fcber Jahrhunderte entwickelten.Die Musik wurde von Generation an Generation [&hellip;]<\/p>\n","protected":false},"author":1,"featured_media":0,"parent":0,"menu_order":0,"comment_status":"closed","ping_status":"closed","template":"","meta":{"footnotes":""},"_links":{"self":[{"href":"https:\/\/mysticdancers.de\/index.php?rest_route=\/wp\/v2\/pages\/36"}],"collection":[{"href":"https:\/\/mysticdancers.de\/index.php?rest_route=\/wp\/v2\/pages"}],"about":[{"href":"https:\/\/mysticdancers.de\/index.php?rest_route=\/wp\/v2\/types\/page"}],"author":[{"embeddable":true,"href":"https:\/\/mysticdancers.de\/index.php?rest_route=\/wp\/v2\/users\/1"}],"replies":[{"embeddable":true,"href":"https:\/\/mysticdancers.de\/index.php?rest_route=%2Fwp%2Fv2%2Fcomments&post=36"}],"version-history":[{"count":2,"href":"https:\/\/mysticdancers.de\/index.php?rest_route=\/wp\/v2\/pages\/36\/revisions"}],"predecessor-version":[{"id":65,"href":"https:\/\/mysticdancers.de\/index.php?rest_route=\/wp\/v2\/pages\/36\/revisions\/65"}],"wp:attachment":[{"href":"https:\/\/mysticdancers.de\/index.php?rest_route=%2Fwp%2Fv2%2Fmedia&parent=36"}],"curies":[{"name":"wp","href":"https:\/\/api.w.org\/{rel}","templated":true}]}}