{"id":34,"date":"2023-11-18T22:40:32","date_gmt":"2023-11-18T22:40:32","guid":{"rendered":"https:\/\/mysticdancers.de\/?page_id=34"},"modified":"2023-11-18T22:51:59","modified_gmt":"2023-11-18T22:51:59","slug":"wir-ueber-uns","status":"publish","type":"page","link":"https:\/\/mysticdancers.de\/?page_id=34","title":{"rendered":"Wir \u00fcber uns"},"content":{"rendered":"\n<p>Wir sind keine kommerzielle Gruppe, aber daf\u00fcr tanzen wir mit Leidenschaft und Ausdauer.<\/p>\n\n\n\n<p>Die Mystic Dancers wurden im Jahr 2001 durch Inka Gerdesmeier, die gerade erst aus Australien zur\u00fcck kehrte, gegr\u00fcndet.<br>Zum Anfang war es nur ein Solo-Projekt, doch kurze Zeit sp\u00e4ter wurde es zum Duo-Projekt.<br><br>Madline Wittenbrink (geb. Reichardt) war die erste Partnerin und sie waren in k\u00fcrzester Zeit ein eingespieltes Team.<br>Madline hatte vorher noch keine Kenntnisse was Irish Dance anging.<br>Inka brachte ihr alles bei, was zum Irish Dance geh\u00f6rte.<br>Das erste Projekt bekam den Namen &gt;&gt;Ladies of the Dance&lt;&lt;, eine Story mit Rauchverbot.<br>Es kamen viele T\u00e4nzerinen und T\u00e4nzer, die den Anfang zum Irish Dance machten und genauso viele gingen auch wieder.<br>Leider kam Madline zum Singen und h\u00f6rte dann, nach dem Lena Zellerhoff dazu stie\u00df und Grundkentnisse vom Irish Dance hatte, auf.&nbsp;<br><br>Lena und Inka ergaben das neue Duo, es wurde vorerst das &gt;&gt;Ladies of the Dance&lt;&lt; getanzt.<br>Aber auf Grund der Harmony wurde das Projekt &gt;&gt;Love to Dance&lt;&lt; geboren.<br>Sie waren ein genial eingespieltes Team und erg\u00e4nzten sich ausserordentlich.<br>Zum Duo kamen weitere T\u00e4nzer, es entstanden die Irish Violets (Stendal).<br>Lena tanzt im Intermediate Level, doch dann zog es Lena nach Irland, erst als AuPair, dann als Studentin und sie blieb bisher da \u2665.<br><br>Dann kam Verena Lauhoff und lernte alles von Inka.<br>Verena tanzt im Primary Level, leider h\u00f6rte Verena wegen Ihren Studienganges auf.<br><br>Anschlie\u00dfend kam Sandra Overbeck und lernt nun von Inka.<br>Das neue Duo ist geboren, man wird Beide mit dem Projekt &gt;&gt;The Whiskey Tasting&lt;&lt; erleben d\u00fcrfen.<br><br>Was wir sagen k\u00f6nnen, jede T\u00e4nzerin ist ohne Vorkenntnisse im Irish Dance zu uns gekommen und jedem wurde bisher Irish Dance vermittelt ;).<br>Es kann jeder lernen und es macht eine Menge Spa\u00df.<br><br>Sie haben Interesse an Irish Dance???<br>Dann sind Sie bei uns genau richtig,&nbsp;<br>kommen Sie doch einfach nach Terminabsprache zu einem kostenlosen Probetraining vorbei.<\/p>\n\n\n\n<p>Schicken Sie uns einfach eine eMail oder ruf Sie uns unverbindlich an:<br>inka (at) mysticdancers (punkt) de<br><br><br>Training:<br>Je nach Absprache,<br>werkt\u00e4glich ab 16:00 Uhr<br>oder samstags ab 10:00 Uhr, in Salzkotten\/Th\u00fcle.<\/p>\n","protected":false},"excerpt":{"rendered":"<p>Wir sind keine kommerzielle Gruppe, aber daf\u00fcr tanzen wir mit Leidenschaft und Ausdauer. Die Mystic Dancers wurden im Jahr 2001 durch Inka Gerdesmeier, die gerade erst aus Australien zur\u00fcck kehrte, gegr\u00fcndet.Zum Anfang war es nur ein Solo-Projekt, doch kurze Zeit sp\u00e4ter wurde es zum Duo-Projekt. Madline Wittenbrink (geb. Reichardt) war die erste Partnerin und sie [&hellip;]<\/p>\n","protected":false},"author":1,"featured_media":0,"parent":0,"menu_order":0,"comment_status":"closed","ping_status":"closed","template":"","meta":{"footnotes":""},"_links":{"self":[{"href":"https:\/\/mysticdancers.de\/index.php?rest_route=\/wp\/v2\/pages\/34"}],"collection":[{"href":"https:\/\/mysticdancers.de\/index.php?rest_route=\/wp\/v2\/pages"}],"about":[{"href":"https:\/\/mysticdancers.de\/index.php?rest_route=\/wp\/v2\/types\/page"}],"author":[{"embeddable":true,"href":"https:\/\/mysticdancers.de\/index.php?rest_route=\/wp\/v2\/users\/1"}],"replies":[{"embeddable":true,"href":"https:\/\/mysticdancers.de\/index.php?rest_route=%2Fwp%2Fv2%2Fcomments&post=34"}],"version-history":[{"count":2,"href":"https:\/\/mysticdancers.de\/index.php?rest_route=\/wp\/v2\/pages\/34\/revisions"}],"predecessor-version":[{"id":62,"href":"https:\/\/mysticdancers.de\/index.php?rest_route=\/wp\/v2\/pages\/34\/revisions\/62"}],"wp:attachment":[{"href":"https:\/\/mysticdancers.de\/index.php?rest_route=%2Fwp%2Fv2%2Fmedia&parent=34"}],"curies":[{"name":"wp","href":"https:\/\/api.w.org\/{rel}","templated":true}]}}